{"id":421,"date":"2022-01-19T17:58:20","date_gmt":"2022-01-19T15:58:20","guid":{"rendered":"https:\/\/pergerus.eu\/wordpress\/?page_id=421"},"modified":"2022-02-04T00:33:45","modified_gmt":"2022-02-03T22:33:45","slug":"introduction","status":"publish","type":"page","link":"https:\/\/pergerus.eu\/et\/introduction\/","title":{"rendered":"Tutvustus"},"content":{"rendered":"<div data-elementor-type=\"wp-page\" data-elementor-id=\"421\" class=\"elementor elementor-421\">\n\t\t\t\t\t\t<section class=\"elementor-section elementor-top-section elementor-element elementor-element-a6d18e1 elementor-section-boxed elementor-section-height-default elementor-section-height-default\" data-id=\"a6d18e1\" data-element_type=\"section\" data-e-type=\"section\">\n\t\t\t\t\t\t<div class=\"elementor-container elementor-column-gap-default\">\n\t\t\t\t\t<div class=\"elementor-column elementor-col-100 elementor-top-column elementor-element elementor-element-d0141cd\" data-id=\"d0141cd\" data-element_type=\"column\" data-e-type=\"column\">\n\t\t\t<div class=\"elementor-widget-wrap elementor-element-populated\">\n\t\t\t\t\t\t<div class=\"elementor-element elementor-element-557bda4 elementor-widget elementor-widget-heading\" data-id=\"557bda4\" data-element_type=\"widget\" data-e-type=\"widget\" data-widget_type=\"heading.default\">\n\t\t\t\t<div class=\"elementor-widget-container\">\n\t\t\t\t\t<h2 class=\"elementor-heading-title elementor-size-default\">Tutvustus<\/h2>\t\t\t\t<\/div>\n\t\t\t\t<\/div>\n\t\t\t\t\t<\/div>\n\t\t<\/div>\n\t\t\t\t\t<\/div>\n\t\t<\/section>\n\t\t\t\t<section class=\"elementor-section elementor-top-section elementor-element elementor-element-7aa0557 elementor-section-boxed elementor-section-height-default elementor-section-height-default\" data-id=\"7aa0557\" data-element_type=\"section\" data-e-type=\"section\">\n\t\t\t\t\t\t<div class=\"elementor-container elementor-column-gap-default\">\n\t\t\t\t\t<div class=\"elementor-column elementor-col-100 elementor-top-column elementor-element elementor-element-b4b3e49\" data-id=\"b4b3e49\" data-element_type=\"column\" data-e-type=\"column\">\n\t\t\t<div class=\"elementor-widget-wrap elementor-element-populated\">\n\t\t\t\t\t\t<div class=\"elementor-element elementor-element-6880c74 elementor-widget elementor-widget-text-editor\" data-id=\"6880c74\" data-element_type=\"widget\" data-e-type=\"widget\" data-widget_type=\"text-editor.default\">\n\t\t\t\t<div class=\"elementor-widget-container\">\n\t\t\t\t\t\t\t\t\t<p style=\"text-align: left;\"><\/p><p>Pergerus on Tartu p\u00f5randaaluse black metali r\u00fchmitus. Me kutsume siinset skenet \u00fcldiselt Tarbatu black metaliks. Pergeruse nime alla koonduvad mitmed b\u00e4ndid ja me katsume oma Tarbatu kollektiiviga teha k\u00f5ike alates proovidest albumite v\u00e4ljaandmiseni.<\/p><p style=\"text-align: left;\"><\/p><p>\u00a0<\/p><p style=\"text-align: left;\"><\/p><p>Pergerus on ka seotud plaadifirmaga Warhorn Records, mida juhib Krux \u2013 \u00fcks Pergeruse ja m\u00f5nede b\u00e4ndide liige.<\/p><p style=\"text-align: left;\"><\/p><p>Nii, et rooma r\u00f5\u00f5msalt ringi! K\u00f5ik peaks k\u00e4e-jala juures olema ja\u00a0<span style=\"font-size: 1rem;\">loodetavasti<\/span><span style=\"font-size: 1rem;\">\u00a0<\/span><span style=\"font-style: inherit; font-weight: inherit;\">saab lehte aeg-ajalt uuendatud.<\/span><\/p><p style=\"text-align: left;\"><\/p>\t\t\t\t\t\t\t\t<\/div>\n\t\t\t\t<\/div>\n\t\t\t\t\t<\/div>\n\t\t<\/div>\n\t\t\t\t\t<\/div>\n\t\t<\/section>\n\t\t\t\t<\/div>","protected":false},"excerpt":{"rendered":"<p>Introduction Pergerus is an underground black metal grouping situated in Tartu, Estonia. We call the scene Tarbathian black metal. There are different bands organized under the name Pergerus and we try to manage everything from rehearsals to releasing albums all by our Tarbathian collective. \u00a0 Pergerus is also connected with Warhorn Records label, which is [&hellip;]<\/p>\n","protected":false},"author":1,"featured_media":0,"parent":0,"menu_order":0,"comment_status":"closed","ping_status":"closed","template":"elementor_theme","meta":{"site-sidebar-layout":"no-sidebar","site-content-layout":"page-builder","ast-site-content-layout":"default","site-content-style":"default","site-sidebar-style":"default","ast-global-header-display":"","ast-banner-title-visibility":"","ast-main-header-display":"","ast-hfb-above-header-display":"","ast-hfb-below-header-display":"","ast-hfb-mobile-header-display":"","site-post-title":"disabled","ast-breadcrumbs-content":"","ast-featured-img":"disabled","footer-sml-layout":"","ast-disable-related-posts":"","theme-transparent-header-meta":"","adv-header-id-meta":"","stick-header-meta":"","header-above-stick-meta":"","header-main-stick-meta":"","header-below-stick-meta":"","astra-migrate-meta-layouts":"default","ast-page-background-enabled":"default","ast-page-background-meta":{"desktop":{"background-color":"var(--ast-global-color-4)","background-image":"","background-repeat":"repeat","background-position":"center center","background-size":"auto","background-attachment":"scroll","background-type":"","background-media":"","overlay-type":"","overlay-color":"","overlay-opacity":"","overlay-gradient":""},"tablet":{"background-color":"","background-image":"","background-repeat":"repeat","background-position":"center center","background-size":"auto","background-attachment":"scroll","background-type":"","background-media":"","overlay-type":"","overlay-color":"","overlay-opacity":"","overlay-gradient":""},"mobile":{"background-color":"","background-image":"","background-repeat":"repeat","background-position":"center center","background-size":"auto","background-attachment":"scroll","background-type":"","background-media":"","overlay-type":"","overlay-color":"","overlay-opacity":"","overlay-gradient":""}},"ast-content-background-meta":{"desktop":{"background-color":"var(--ast-global-color-5)","background-image":"","background-repeat":"repeat","background-position":"center center","background-size":"auto","background-attachment":"scroll","background-type":"","background-media":"","overlay-type":"","overlay-color":"","overlay-opacity":"","overlay-gradient":""},"tablet":{"background-color":"var(--ast-global-color-5)","background-image":"","background-repeat":"repeat","background-position":"center center","background-size":"auto","background-attachment":"scroll","background-type":"","background-media":"","overlay-type":"","overlay-color":"","overlay-opacity":"","overlay-gradient":""},"mobile":{"background-color":"var(--ast-global-color-5)","background-image":"","background-repeat":"repeat","background-position":"center center","background-size":"auto","background-attachment":"scroll","background-type":"","background-media":"","overlay-type":"","overlay-color":"","overlay-opacity":"","overlay-gradient":""}},"footnotes":""},"class_list":["post-421","page","type-page","status-publish","hentry"],"_links":{"self":[{"href":"https:\/\/pergerus.eu\/et\/wp-json\/wp\/v2\/pages\/421","targetHints":{"allow":["GET"]}}],"collection":[{"href":"https:\/\/pergerus.eu\/et\/wp-json\/wp\/v2\/pages"}],"about":[{"href":"https:\/\/pergerus.eu\/et\/wp-json\/wp\/v2\/types\/page"}],"author":[{"embeddable":true,"href":"https:\/\/pergerus.eu\/et\/wp-json\/wp\/v2\/users\/1"}],"replies":[{"embeddable":true,"href":"https:\/\/pergerus.eu\/et\/wp-json\/wp\/v2\/comments?post=421"}],"version-history":[{"count":12,"href":"https:\/\/pergerus.eu\/et\/wp-json\/wp\/v2\/pages\/421\/revisions"}],"predecessor-version":[{"id":1489,"href":"https:\/\/pergerus.eu\/et\/wp-json\/wp\/v2\/pages\/421\/revisions\/1489"}],"wp:attachment":[{"href":"https:\/\/pergerus.eu\/et\/wp-json\/wp\/v2\/media?parent=421"}],"curies":[{"name":"wp","href":"https:\/\/api.w.org\/{rel}","templated":true}]}}